{"id":10678,"date":"2022-11-09T13:13:09","date_gmt":"2022-11-09T12:13:09","guid":{"rendered":"https:\/\/old.soderpiren.se\/?page_id=10678"},"modified":"2022-11-09T13:13:10","modified_gmt":"2022-11-09T12:13:10","slug":"strax-tillbaka","status":"publish","type":"page","link":"https:\/\/old.soderpiren.se\/","title":{"rendered":"Strax tillbaka"},"content":{"rendered":"\n<p>Vi h\u00e5ller just nu p\u00e5 att uppdatera v\u00e5r hemsida och hoppas kunna presentera den i slutet av veckan.<\/p>\n\n\n\n<p>Under tiden kommer bokningssystemet h\u00e5llas st\u00e4ngt.<\/p>\n\n\n\n<p>Vid akuta \u00e4renden maila <a href=\"mailto:helena@old.soderpiren.se\">helena@old.soderpiren.se<\/a><\/p>\n","protected":false},"excerpt":{"rendered":"<p>Vi h\u00e5ller just nu p\u00e5 att uppdatera v\u00e5r hemsida och hoppas kunna presentera den i slutet av veckan. Under tiden kommer bokningssystemet h\u00e5llas st\u00e4ngt. Vid akuta \u00e4renden maila helena@old.soderpiren.se<\/p>\n","protected":false},"author":2,"featured_media":0,"parent":0,"menu_order":0,"comment_status":"closed","ping_status":"closed","template":"..\/public\/views\/revslider-page-template.php","meta":[],"_links":{"self":[{"href":"https:\/\/old.soderpiren.se\/index.php?rest_route=\/wp\/v2\/pages\/10678"}],"collection":[{"href":"https:\/\/old.soderpiren.se\/index.php?rest_route=\/wp\/v2\/pages"}],"about":[{"href":"https:\/\/old.soderpiren.se\/index.php?rest_route=\/wp\/v2\/types\/page"}],"author":[{"embeddable":true,"href":"https:\/\/old.soderpiren.se\/index.php?rest_route=\/wp\/v2\/users\/2"}],"replies":[{"embeddable":true,"href":"https:\/\/old.soderpiren.se\/index.php?rest_route=%2Fwp%2Fv2%2Fcomments&post=10678"}],"version-history":[{"count":1,"href":"https:\/\/old.soderpiren.se\/index.php?rest_route=\/wp\/v2\/pages\/10678\/revisions"}],"predecessor-version":[{"id":10679,"href":"https:\/\/old.soderpiren.se\/index.php?rest_route=\/wp\/v2\/pages\/10678\/revisions\/10679"}],"wp:attachment":[{"href":"https:\/\/old.soderpiren.se\/index.php?rest_route=%2Fwp%2Fv2%2Fmedia&parent=10678"}],"curies":[{"name":"wp","href":"https:\/\/api.w.org\/{rel}","templated":true}]}}